{"id":4077,"date":"2023-01-03T16:53:44","date_gmt":"2023-01-03T08:53:44","guid":{"rendered":"https:\/\/www.rayopticcom.com\/?page_id=4077"},"modified":"2023-01-03T16:56:04","modified_gmt":"2023-01-03T08:56:04","slug":"politica-de-privacidad","status":"publish","type":"page","link":"https:\/\/www.rayopticcom.com\/es_mx\/politica-de-privacidad\/","title":{"rendered":"Pol\u00edtica de privacidad"},"content":{"rendered":"<div data-elementor-type=\"wp-page\" data-elementor-id=\"4077\" class=\"elementor elementor-4077\" data-elementor-post-type=\"page\">\n\t\t\t\t<div class=\"elementor-element elementor-element-ac24ada e-flex e-con-boxed e-con e-parent\" data-id=\"ac24ada\" data-element_type=\"container\" data-core-v316-plus=\"true\">\n\t\t\t\t\t<div class=\"e-con-inner\">\n\t\t<div class=\"elementor-element elementor-element-3b8247e e-con-full e-flex e-con e-parent\" data-id=\"3b8247e\" data-element_type=\"container\" data-core-v316-plus=\"true\">\n\t\t\t\t<div class=\"elementor-element elementor-element-3ffd815 elementor-widget elementor-widget-breadcrumbs\" data-id=\"3ffd815\" data-element_type=\"widget\" data-widget_type=\"breadcrumbs.default\">\n\t\t\t\t<div class=\"elementor-widget-container\">\n\t\t\t<link rel=\"stylesheet\" href=\"https:\/\/www.rayopticcom.com\/wp-content\/plugins\/elementor-pro\/assets\/css\/widget-theme-elements.min.css\"><p id=\"breadcrumbs\"><span><span><a href=\"https:\/\/www.rayopticcom.com\/es_mx\/\">Inicio<\/a><\/span><\/span><\/p>\t\t<\/div>\n\t\t\t\t<\/div>\n\t\t\t\t<div class=\"elementor-element elementor-element-dc01adb elementor-widget elementor-widget-heading\" data-id=\"dc01adb\" data-element_type=\"widget\" data-widget_type=\"heading.default\">\n\t\t\t\t<div class=\"elementor-widget-container\">\n\t\t\t<style>\/*! elementor - v3.20.0 - 11-03-2024 *\/\n.elementor-heading-title{padding:0;margin:0;line-height:1}.elementor-widget-heading .elementor-heading-title[class*=elementor-size-]>a{color:inherit;font-size:inherit;line-height:inherit}.elementor-widget-heading .elementor-heading-title.elementor-size-small{font-size:15px}.elementor-widget-heading .elementor-heading-title.elementor-size-medium{font-size:19px}.elementor-widget-heading .elementor-heading-title.elementor-size-large{font-size:29px}.elementor-widget-heading .elementor-heading-title.elementor-size-xl{font-size:39px}.elementor-widget-heading .elementor-heading-title.elementor-size-xxl{font-size:59px}<\/style><h1 class=\"elementor-heading-title elementor-size-default\">Pol\u00edtica de privacidad<\/h1>\t\t<\/div>\n\t\t\t\t<\/div>\n\t\t\t\t<div class=\"elementor-element elementor-element-7de36b3 elementor-widget elementor-widget-text-editor\" data-id=\"7de36b3\" data-element_type=\"widget\" data-widget_type=\"text-editor.default\">\n\t\t\t\t<div class=\"elementor-widget-container\">\n\t\t\t<style>\/*! elementor - v3.20.0 - 11-03-2024 *\/\n.elementor-widget-text-editor.elementor-drop-cap-view-stacked .elementor-drop-cap{background-color:#69727d;color:#fff}.elementor-widget-text-editor.elementor-drop-cap-view-framed .elementor-drop-cap{color:#69727d;border:3px solid;background-color:transparent}.elementor-widget-text-editor:not(.elementor-drop-cap-view-default) .elementor-drop-cap{margin-top:8px}.elementor-widget-text-editor:not(.elementor-drop-cap-view-default) .elementor-drop-cap-letter{width:1em;height:1em}.elementor-widget-text-editor .elementor-drop-cap{float:left;text-align:center;line-height:1;font-size:50px}.elementor-widget-text-editor .elementor-drop-cap-letter{display:inline-block}<\/style>\t\t\t\t<div><div>En www.rayopticcom.com (a partir de ahora, www.rayopticcom.com), la privacidad de nuestros visitantes es una de nuestras mayores preocupaciones. Esta p\u00e1gina de pol\u00edtica de privacidad describe qu\u00e9 tipo de informaci\u00f3n personal puede recibir y recopilar www.rayopticcom.com y c\u00f3mo se utilizar\u00e1 dicha informaci\u00f3n.<\/div><h2>Anuncios en buscadores<\/h2><div>Como muchos otros sitios profesionales, www.rayopticcom.com invierte en publicidad en Internet. Nuestros socios publicitarios incluyen bing Ads, Google Ads. Con el fin de maximizar el ROI de la publicidad en l\u00ednea y encontrar clientes objetivo, www.rayopticcom.com aplica algunos c\u00f3digos de seguimiento generados por los motores de b\u00fasqueda para registrar las IP de los usuarios y los flujos de visualizaci\u00f3n de la p\u00e1gina.<\/div><h2>Datos de contacto de la empresa<\/h2><div>Recopilamos todos los datos de contacto comerciales enviados por los visitantes a trav\u00e9s de correos electr\u00f3nicos o formularios web en www.rayopticcom.com. La identificaci\u00f3n del visitante y los datos de contacto introducidos se conservar\u00e1n estrictamente para uso interno de www.rayopticcom.com. www.rayopticcom.com garantizar\u00e1 el uso adecuado de dichos datos.<\/div><h2>Uso de la informaci\u00f3n<\/h2><div>S\u00f3lo utilizaremos su informaci\u00f3n personal identificable como se describe a continuaci\u00f3n, a menos que usted haya consentido espec\u00edficamente otro tipo de uso, ya sea en el momento en que se recopila la informaci\u00f3n personal identificable de usted o a trav\u00e9s de alguna otra forma de consentimiento por su parte:<\/div><ol><li>Utilizaremos la informaci\u00f3n de identificaci\u00f3n personal para completar los pedidos que haya realizado.<\/li><li>Utilizaremos la informaci\u00f3n de identificaci\u00f3n personal para prestarle los servicios espec\u00edficos que haya solicitado, como por ejemplo contactar con un minorista.<\/li><li>Utilizaremos sus datos personales para responder a las preguntas que nos env\u00ede.<\/li><li>Utilizaremos su informaci\u00f3n personal identificable para enviarle correos electr\u00f3nicos de vez en cuando, como boletines y avisos sobre nuestras promociones.<\/li><li>Podemos revelar informaci\u00f3n de identificaci\u00f3n personal si as\u00ed lo exige la ley o un proceso legal.<\/li><li>Podemos revelar informaci\u00f3n de identificaci\u00f3n personal para investigar sospechas de fraude, acoso u otras infracciones de cualquier ley, norma o reglamento, o de las condiciones o pol\u00edticas del sitio web.<\/li><\/ol><h2>EXCLUSI\u00d3N VOLUNTARIA\/CORRECCIONES<\/h2><div>Si lo solicita, (a) corregiremos o actualizaremos su informaci\u00f3n personal; (b) dejaremos de enviarle correos electr\u00f3nicos a su direcci\u00f3n de correo electr\u00f3nico; y\/o (c) desactivaremos su cuenta para evitar futuras compras a trav\u00e9s de ella. Puede realizar estas solicitudes en la secci\u00f3n de informaci\u00f3n al cliente, o llamando por tel\u00e9fono o enviando un correo electr\u00f3nico al departamento de atenci\u00f3n al cliente de www.rayopticcom.com, a la direcci\u00f3n siguiente <a href=\"mailto:sales@rocfttx.com\">sales@rocfttx.com<\/a> No env\u00ede por correo electr\u00f3nico su n\u00famero de tarjeta de cr\u00e9dito u otra informaci\u00f3n confidencial.<\/div><\/div>\t\t\t\t\t\t<\/div>\n\t\t\t\t<\/div>\n\t\t\t\t<\/div>\n\t\t\t\t\t<\/div>\n\t\t\t\t<\/div>\n\t\t\t\t<\/div>","protected":false},"excerpt":{"rendered":"<p>Privacy Policy On www.rayopticcom.com (from now on, will be referred as www.rayopticcom.com), visitor privacy is of our serious concern. This privacy policy page describes what kind of personal information may be received and collected by www.rayopticcom.com\u00a0and how the information will be used. Search Engine Ads As many other professional sites, www.rayopticcom.com invest on the internet [&hellip;]<\/p>","protected":false},"author":6,"featured_media":0,"parent":0,"menu_order":0,"comment_status":"closed","ping_status":"closed","template":"","meta":{"footnotes":""},"class_list":["post-4077","page","type-page","status-publish","hentry"],"acf":[],"yoast_head":"<!-- This site is optimized with the Yoast SEO plugin v19.12 - https:\/\/yoast.com\/wordpress\/plugins\/seo\/ -->\n<title>Privacy Policy - Rayoptic | Fiber Optical Drop Cables &amp; Terminal Boxes<\/title>\n<meta name=\"description\" content=\"Privacy Policy On www.rayopticcom.com (from now on, will be referred as www.rayopticcom.com), visitor privacy is of our serious concern. This privacy\" \/>\n<meta name=\"robots\" content=\"index, follow, max-snippet:-1, max-image-preview:large, max-video-preview:-1\" \/>\n<link rel=\"canonical\" href=\"https:\/\/www.rayopticcom.com\/es_mx\/politica-de-privacidad\/\" \/>\n<meta property=\"og:locale\" content=\"es_MX\" \/>\n<meta property=\"og:type\" content=\"article\" \/>\n<meta property=\"og:title\" content=\"Privacy Policy - Rayoptic | Fiber Optical Drop Cables &amp; Terminal Boxes\" \/>\n<meta property=\"og:description\" content=\"Privacy Policy On www.rayopticcom.com (from now on, will be referred as www.rayopticcom.com), visitor privacy is of our serious concern. This privacy\" \/>\n<meta property=\"og:url\" content=\"https:\/\/www.rayopticcom.com\/es_mx\/politica-de-privacidad\/\" \/>\n<meta property=\"og:site_name\" content=\"Rayoptic | Fiber Optical Drop Cables &amp; Terminal Boxes\" \/>\n<meta property=\"article:modified_time\" content=\"2023-01-03T08:56:04+00:00\" \/>\n<meta name=\"twitter:card\" content=\"summary_large_image\" \/>\n<meta name=\"twitter:label1\" content=\"Est. reading time\" \/>\n\t<meta name=\"twitter:data1\" content=\"2 minutos\" \/>\n<script type=\"application\/ld+json\" class=\"yoast-schema-graph\">{\"@context\":\"https:\/\/schema.org\",\"@graph\":[{\"@type\":\"WebPage\",\"@id\":\"https:\/\/www.rayopticcom.com\/privacy-policy\/\",\"url\":\"https:\/\/www.rayopticcom.com\/privacy-policy\/\",\"name\":\"Privacy Policy - Rayoptic | Fiber Optical Drop Cables &amp; Terminal Boxes\",\"isPartOf\":{\"@id\":\"https:\/\/www.rayopticcom.com\/#website\"},\"datePublished\":\"2023-01-03T08:53:44+00:00\",\"dateModified\":\"2023-01-03T08:56:04+00:00\",\"description\":\"Privacy Policy On www.rayopticcom.com (from now on, will be referred as www.rayopticcom.com), visitor privacy is of our serious concern. This privacy\",\"breadcrumb\":{\"@id\":\"https:\/\/www.rayopticcom.com\/privacy-policy\/#breadcrumb\"},\"inLanguage\":\"es\",\"potentialAction\":[{\"@type\":\"ReadAction\",\"target\":[\"https:\/\/www.rayopticcom.com\/privacy-policy\/\"]}]},{\"@type\":\"BreadcrumbList\",\"@id\":\"https:\/\/www.rayopticcom.com\/privacy-policy\/#breadcrumb\",\"itemListElement\":[{\"@type\":\"ListItem\",\"position\":1,\"name\":\"Home\",\"item\":\"https:\/\/www.rayopticcom.com\/\"},{\"@type\":\"ListItem\",\"position\":2,\"name\":\"Privacy Policy\"}]},{\"@type\":\"WebSite\",\"@id\":\"https:\/\/www.rayopticcom.com\/#website\",\"url\":\"https:\/\/www.rayopticcom.com\/\",\"name\":\"Rayoptic | Fiber Optical Drop Cables &amp; Terminal Boxes\",\"description\":\"Custom Drop Patch Cables, Fiber MST, NID, and OptiTap Solutions\",\"publisher\":{\"@id\":\"https:\/\/www.rayopticcom.com\/#organization\"},\"potentialAction\":[{\"@type\":\"SearchAction\",\"target\":{\"@type\":\"EntryPoint\",\"urlTemplate\":\"https:\/\/www.rayopticcom.com\/?s={search_term_string}\"},\"query-input\":\"required name=search_term_string\"}],\"inLanguage\":\"es\"},{\"@type\":\"Organization\",\"@id\":\"https:\/\/www.rayopticcom.com\/#organization\",\"name\":\"Rayoptic | Fiber Optical Drop Cables &amp; Terminal Boxes\",\"url\":\"https:\/\/www.rayopticcom.com\/\",\"logo\":{\"@type\":\"ImageObject\",\"inLanguage\":\"es\",\"@id\":\"https:\/\/www.rayopticcom.com\/#\/schema\/logo\/image\/\",\"url\":\"https:\/\/www.rayopticcom.com\/wp-content\/uploads\/2022\/09\/logo.png\",\"contentUrl\":\"https:\/\/www.rayopticcom.com\/wp-content\/uploads\/2022\/09\/logo.png\",\"width\":561,\"height\":300,\"caption\":\"Rayoptic | Fiber Optical Drop Cables &amp; Terminal Boxes\"},\"image\":{\"@id\":\"https:\/\/www.rayopticcom.com\/#\/schema\/logo\/image\/\"}}]}<\/script>\n<!-- \/ Yoast SEO plugin. -->","yoast_head_json":{"title":"Privacy Policy - Rayoptic | Fiber Optical Drop Cables &amp; Terminal Boxes","description":"Pol\u00edtica de privacidad En www.rayopticcom.com (a partir de ahora, www.rayopticcom.com), la privacidad de nuestros visitantes es una de nuestras mayores preocupaciones. Esta pol\u00edtica de privacidad","robots":{"index":"index","follow":"follow","max-snippet":"max-snippet:-1","max-image-preview":"max-image-preview:large","max-video-preview":"max-video-preview:-1"},"canonical":"https:\/\/www.rayopticcom.com\/es_mx\/politica-de-privacidad\/","og_locale":"es_MX","og_type":"article","og_title":"Privacy Policy - Rayoptic | Fiber Optical Drop Cables &amp; Terminal Boxes","og_description":"Privacy Policy On www.rayopticcom.com (from now on, will be referred as www.rayopticcom.com), visitor privacy is of our serious concern. This privacy","og_url":"https:\/\/www.rayopticcom.com\/es_mx\/politica-de-privacidad\/","og_site_name":"Rayoptic | Fiber Optical Drop Cables &amp; Terminal Boxes","article_modified_time":"2023-01-03T08:56:04+00:00","twitter_card":"summary_large_image","twitter_misc":{"Est. reading time":"2 minutos"},"schema":{"@context":"https:\/\/schema.org","@graph":[{"@type":"WebPage","@id":"https:\/\/www.rayopticcom.com\/privacy-policy\/","url":"https:\/\/www.rayopticcom.com\/privacy-policy\/","name":"Privacy Policy - Rayoptic | Fiber Optical Drop Cables &amp; Terminal Boxes","isPartOf":{"@id":"https:\/\/www.rayopticcom.com\/#website"},"datePublished":"2023-01-03T08:53:44+00:00","dateModified":"2023-01-03T08:56:04+00:00","description":"Pol\u00edtica de privacidad En www.rayopticcom.com (a partir de ahora, www.rayopticcom.com), la privacidad de nuestros visitantes es una de nuestras mayores preocupaciones. Esta pol\u00edtica de privacidad","breadcrumb":{"@id":"https:\/\/www.rayopticcom.com\/privacy-policy\/#breadcrumb"},"inLanguage":"es","potentialAction":[{"@type":"ReadAction","target":["https:\/\/www.rayopticcom.com\/privacy-policy\/"]}]},{"@type":"BreadcrumbList","@id":"https:\/\/www.rayopticcom.com\/privacy-policy\/#breadcrumb","itemListElement":[{"@type":"ListItem","position":1,"name":"Home","item":"https:\/\/www.rayopticcom.com\/"},{"@type":"ListItem","position":2,"name":"Privacy Policy"}]},{"@type":"WebSite","@id":"https:\/\/www.rayopticcom.com\/#website","url":"https:\/\/www.rayopticcom.com\/","name":"Rayoptic | Cables de acometida de fibra \u00f3ptica y cajas de bornes","description":"Cables de conexi\u00f3n de bajada personalizados, MST de fibra, NID y soluciones OptiTap","publisher":{"@id":"https:\/\/www.rayopticcom.com\/#organization"},"potentialAction":[{"@type":"SearchAction","target":{"@type":"EntryPoint","urlTemplate":"https:\/\/www.rayopticcom.com\/?s={search_term_string}"},"query-input":"required name=search_term_string"}],"inLanguage":"es"},{"@type":"Organization","@id":"https:\/\/www.rayopticcom.com\/#organization","name":"Rayoptic | Cables de acometida de fibra \u00f3ptica y cajas de bornes","url":"https:\/\/www.rayopticcom.com\/","logo":{"@type":"ImageObject","inLanguage":"es","@id":"https:\/\/www.rayopticcom.com\/#\/schema\/logo\/image\/","url":"https:\/\/www.rayopticcom.com\/wp-content\/uploads\/2022\/09\/logo.png","contentUrl":"https:\/\/www.rayopticcom.com\/wp-content\/uploads\/2022\/09\/logo.png","width":561,"height":300,"caption":"Rayoptic | Fiber Optical Drop Cables &amp; Terminal Boxes"},"image":{"@id":"https:\/\/www.rayopticcom.com\/#\/schema\/logo\/image\/"}}]}},"_links":{"self":[{"href":"https:\/\/www.rayopticcom.com\/es_mx\/wp-json\/wp\/v2\/pages\/4077","targetHints":{"allow":["GET"]}}],"collection":[{"href":"https:\/\/www.rayopticcom.com\/es_mx\/wp-json\/wp\/v2\/pages"}],"about":[{"href":"https:\/\/www.rayopticcom.com\/es_mx\/wp-json\/wp\/v2\/types\/page"}],"author":[{"embeddable":true,"href":"https:\/\/www.rayopticcom.com\/es_mx\/wp-json\/wp\/v2\/users\/6"}],"replies":[{"embeddable":true,"href":"https:\/\/www.rayopticcom.com\/es_mx\/wp-json\/wp\/v2\/comments?post=4077"}],"version-history":[{"count":4,"href":"https:\/\/www.rayopticcom.com\/es_mx\/wp-json\/wp\/v2\/pages\/4077\/revisions"}],"predecessor-version":[{"id":4081,"href":"https:\/\/www.rayopticcom.com\/es_mx\/wp-json\/wp\/v2\/pages\/4077\/revisions\/4081"}],"wp:attachment":[{"href":"https:\/\/www.rayopticcom.com\/es_mx\/wp-json\/wp\/v2\/media?parent=4077"}],"curies":[{"name":"wp","href":"https:\/\/api.w.org\/{rel}","templated":true}]}}